{"id":3,"date":"2024-03-25T04:11:37","date_gmt":"2024-03-25T04:11:37","guid":{"rendered":"https:\/\/industrie.rstheme.com\/main\/?page_id=3"},"modified":"2026-04-06T19:36:28","modified_gmt":"2026-04-06T19:36:28","slug":"politique-de-confidentialite","status":"publish","type":"page","link":"https:\/\/mecanoindustrie.com\/en\/politique-de-confidentialite\/","title":{"rendered":"Politique de confidentialit\u00e9"},"content":{"rendered":"<div data-elementor-type=\"wp-page\" data-elementor-id=\"3\" class=\"elementor elementor-3\" data-elementor-post-type=\"page\">\n\t\t\t\t\r\n\t\t<div class=\"default no-position show_shadow rs-sticky-default elementor-element elementor-element-3551a586 e-flex e-con-boxed e-con e-parent\" data-id=\"3551a586\" data-element_type=\"container\" data-e-type=\"container\">\n\t\t\t\t\t<div class=\"e-con-inner\">\n\t\t\r\n\t\t\t\t<div class=\"elementor-element elementor-element-776c09c3 elementor-widget elementor-widget-text-editor\" data-id=\"776c09c3\" data-element_type=\"widget\" data-e-type=\"widget\" data-widget_type=\"text-editor.default\">\n\t\t\t\t\t\t\t\t\t<h3 style=\"text-align: center;\" data-section-id=\"m8br6u\" data-start=\"290\" data-end=\"344\"><span role=\"text\"><strong data-start=\"292\" data-end=\"344\">POLITIQUE DE CONFIDENTIALIT\u00c9 ET MENTIONS L\u00c9GALES<\/strong><\/span><\/h3><p data-start=\"346\" data-end=\"386\"><strong data-start=\"346\" data-end=\"386\">Derni\u00e8re mise \u00e0 jour : mars 2026<\/strong><\/p><h4 data-section-id=\"1vzszi0\" data-start=\"393\" data-end=\"430\"><span role=\"text\"><strong data-start=\"395\" data-end=\"430\">1. Politique de confidentialit\u00e9<\/strong><\/span><\/h4><h4 data-section-id=\"19youy0\" data-start=\"432\" data-end=\"481\"><span role=\"text\"><strong data-start=\"435\" data-end=\"481\">1.1 Collecte des renseignements personnels<\/strong><\/span><\/h4><p data-section-id=\"19youy0\" data-start=\"432\" data-end=\"481\">Chez M\u00e9cano Industrie, nous recueillons certains renseignements personnels lorsque vous :<\/p><ul data-start=\"574\" data-end=\"697\"><li data-section-id=\"jo8gr6\" data-start=\"574\" data-end=\"613\">remplissez un formulaire de contact<\/li><li data-section-id=\"u677xb\" data-start=\"614\" data-end=\"665\">communiquez avec nous par courriel ou t\u00e9l\u00e9phone<\/li><li data-section-id=\"11tesxk\" data-start=\"666\" data-end=\"697\">naviguez sur notre site web<\/li><\/ul><p data-start=\"699\" data-end=\"751\">Les renseignements pouvant \u00eatre collect\u00e9s incluent :<\/p><ul data-start=\"753\" data-end=\"876\"><li data-section-id=\"16a4les\" data-start=\"753\" data-end=\"760\">nom<\/li><li data-section-id=\"xcnsrq\" data-start=\"761\" data-end=\"781\">adresse courriel<\/li><li data-section-id=\"17v6zlb\" data-start=\"782\" data-end=\"805\">num\u00e9ro de t\u00e9l\u00e9phone<\/li><li data-section-id=\"gvx7t1\" data-start=\"806\" data-end=\"829\">nom de l\u2019entreprise<\/li><li data-section-id=\"13c2qqm\" data-start=\"830\" data-end=\"876\">toute information transmise volontairement<\/li><\/ul><hr data-start=\"878\" data-end=\"881\" \/><h4 data-section-id=\"12jce9e\" data-start=\"883\" data-end=\"924\"><span role=\"text\"><strong data-start=\"886\" data-end=\"924\">1.2 Utilisation des renseignements<\/strong><\/span><\/h4><p data-start=\"926\" data-end=\"987\">Les informations recueillies sont utilis\u00e9es uniquement pour :<\/p><ul data-start=\"989\" data-end=\"1137\"><li data-section-id=\"az6vm2\" data-start=\"989\" data-end=\"1016\">r\u00e9pondre \u00e0 vos demandes<\/li><li data-section-id=\"w660nq\" data-start=\"1017\" data-end=\"1072\">communiquer avec vous dans le cadre de nos services<\/li><li data-section-id=\"1o3vd06\" data-start=\"1073\" data-end=\"1099\">comprendre vos besoins<\/li><li data-section-id=\"1qyhn4n\" data-start=\"1100\" data-end=\"1137\">am\u00e9liorer notre offre de services<\/li><\/ul><p data-start=\"1139\" data-end=\"1226\">Nous ne vendons ni ne partageons vos renseignements personnels \u00e0 des fins commerciales.<\/p><hr data-start=\"1228\" data-end=\"1231\" \/><h4 data-section-id=\"f3ve98\" data-start=\"1233\" data-end=\"1274\"><span role=\"text\"><strong data-start=\"1236\" data-end=\"1274\">1.3 T\u00e9moins de connexion (cookies)<\/strong><\/span><\/h4><p data-start=\"1276\" data-end=\"1322\">Notre site peut utiliser des cookies afin de :<\/p><ul data-start=\"1324\" data-end=\"1430\"><li data-section-id=\"1j0nt0h\" data-start=\"1324\" data-end=\"1368\">am\u00e9liorer votre exp\u00e9rience de navigation<\/li><li data-section-id=\"13622gr\" data-start=\"1369\" data-end=\"1403\">analyser l\u2019utilisation du site<\/li><li data-section-id=\"w3etj7\" data-start=\"1404\" data-end=\"1430\">optimiser nos contenus<\/li><\/ul><p data-start=\"1432\" data-end=\"1497\">Vous pouvez configurer votre navigateur pour refuser les cookies.<\/p><hr data-start=\"1499\" data-end=\"1502\" \/><h4 data-section-id=\"4zo038\" data-start=\"1504\" data-end=\"1544\"><span role=\"text\"><strong data-start=\"1507\" data-end=\"1544\">1.4 Protection des renseignements<\/strong><\/span><\/h4><p data-start=\"1546\" data-end=\"1649\">Nous mettons en place des mesures de s\u00e9curit\u00e9 raisonnables afin de prot\u00e9ger vos renseignements contre :<\/p><ul data-start=\"1651\" data-end=\"1714\"><li data-section-id=\"1yh3e06\" data-start=\"1651\" data-end=\"1675\">l\u2019acc\u00e8s non autoris\u00e9<\/li><li data-section-id=\"1lys39v\" data-start=\"1676\" data-end=\"1688\">la perte<\/li><li data-section-id=\"jjezq9\" data-start=\"1689\" data-end=\"1714\">l\u2019utilisation abusive<\/li><\/ul><hr data-start=\"1716\" data-end=\"1719\" \/><h4 data-section-id=\"12riadg\" data-start=\"1721\" data-end=\"1756\"><span role=\"text\"><strong data-start=\"1724\" data-end=\"1756\">1.5 Conservation des donn\u00e9es<\/strong><\/span><\/h4><p data-start=\"1758\" data-end=\"1910\">Les renseignements sont conserv\u00e9s uniquement pour la dur\u00e9e n\u00e9cessaire aux fins pour lesquelles ils ont \u00e9t\u00e9 recueillis, sauf obligation l\u00e9gale contraire.<\/p><hr data-start=\"1912\" data-end=\"1915\" \/><h4 data-section-id=\"v4iqep\" data-start=\"1917\" data-end=\"1938\"><span role=\"text\"><strong data-start=\"1920\" data-end=\"1938\">1.6 Vos droits<\/strong><\/span><\/h4><p data-start=\"1940\" data-end=\"2019\">Conform\u00e9ment aux lois applicables (incluant la Loi 25 au Qu\u00e9bec), vous pouvez :<\/p><ul data-start=\"2021\" data-end=\"2112\"><li data-section-id=\"1gikitu\" data-start=\"2021\" data-end=\"2053\">acc\u00e9der \u00e0 vos renseignements<\/li><li data-section-id=\"yjfaw0\" data-start=\"2054\" data-end=\"2082\">demander leur correction<\/li><li data-section-id=\"fa2bov\" data-start=\"2083\" data-end=\"2112\">demander leur suppression<\/li><\/ul><hr data-start=\"2114\" data-end=\"2117\" \/><h4 data-section-id=\"pv2r7a\" data-start=\"2119\" data-end=\"2188\"><span role=\"text\"><strong data-start=\"2122\" data-end=\"2188\">1.7 Responsable de la protection des renseignements personnels<\/strong><\/span><\/h4><p data-start=\"2190\" data-end=\"2211\">Pour toute question :<\/p><p data-start=\"2213\" data-end=\"2289\"><strong data-start=\"2213\" data-end=\"2233\">M\u00e9cano Industrie<\/strong><br data-start=\"2233\" data-end=\"2236\" \/><a class=\"decorated-link cursor-pointer\" rel=\"noopener\" data-start=\"2239\" data-end=\"2263\">info@mecanoindustrie.com<\/a><br data-start=\"2263\" data-end=\"2266\" \/>Terrebonne, Qu\u00e9bec<\/p><p data-start=\"2291\" data-end=\"2329\">Responsable :<br data-start=\"2304\" data-end=\"2307\" \/><strong data-start=\"2307\" data-end=\"2329\">Marie-Claude Turcotte<\/strong><\/p><hr data-start=\"2331\" data-end=\"2334\" \/><h4 data-section-id=\"h7t1wv\" data-start=\"2336\" data-end=\"2360\"><span role=\"text\"><strong data-start=\"2339\" data-end=\"2360\">1.8 Modifications<\/strong><\/span><\/h4><p data-start=\"2362\" data-end=\"2463\">Cette politique peut \u00eatre mise \u00e0 jour \u00e0 tout moment. Nous vous invitons \u00e0 la consulter r\u00e9guli\u00e8rement.<\/p><hr data-start=\"2465\" data-end=\"2468\" \/><h4 data-section-id=\"1h16eiy\" data-start=\"2470\" data-end=\"2495\"><span role=\"text\"><strong data-start=\"2472\" data-end=\"2495\">2. Mentions l\u00e9gales<\/strong><\/span><\/h4><h4 data-section-id=\"15twwbk\" data-start=\"2497\" data-end=\"2523\"><span role=\"text\"><strong data-start=\"2500\" data-end=\"2523\">2.1 \u00c9diteur du site<\/strong><\/span><\/h4><p data-start=\"2525\" data-end=\"2624\"><strong data-start=\"2525\" data-end=\"2545\">M\u00e9cano Industrie<\/strong><br data-start=\"2545\" data-end=\"2548\" \/>Terrebonne, Qu\u00e9bec<br data-start=\"2566\" data-end=\"2569\" \/><a class=\"decorated-link cursor-pointer\" rel=\"noopener\" data-start=\"2581\" data-end=\"2605\">info@mecanoindustrie.com<\/a><br data-start=\"2605\" data-end=\"2608\" \/>450-961-1228<\/p><hr data-start=\"2626\" data-end=\"2629\" \/><h4 data-section-id=\"1pua4wn\" data-start=\"2631\" data-end=\"2671\"><span role=\"text\"><strong data-start=\"2634\" data-end=\"2671\">2.2 Responsable de la publication<\/strong><\/span><\/h4><p data-start=\"2673\" data-end=\"2716\"><strong data-start=\"2673\" data-end=\"2695\">Marie-Claude Turcotte<\/strong><br data-start=\"2695\" data-end=\"2698\" \/>M\u00e9cano Industrie<\/p><hr data-start=\"2718\" data-end=\"2721\" \/><h4 data-section-id=\"4nw5u6\" data-start=\"2723\" data-end=\"2745\"><span role=\"text\"><strong data-start=\"2726\" data-end=\"2745\">2.3 H\u00e9bergement<\/strong><\/span><\/h4><p data-start=\"2747\" data-end=\"2772\">Le site est h\u00e9berg\u00e9 par :<\/p><p data-start=\"2774\" data-end=\"2826\"><strong data-start=\"2774\" data-end=\"2798\">Elementor<\/strong><br data-start=\"2798\" data-end=\"2801\" \/><a href=\"https:\/\/elementor.com\/\">Website builder: Create a Website Now | Elementor<\/a><\/p><hr data-start=\"2828\" data-end=\"2831\" \/><h4 data-section-id=\"1760rda\" data-start=\"2833\" data-end=\"2868\"><span role=\"text\"><strong data-start=\"2836\" data-end=\"2868\">2.4 Propri\u00e9t\u00e9 intellectuelle<\/strong><\/span><\/h4><p data-start=\"2870\" data-end=\"3008\">L\u2019ensemble du contenu du site (textes, images, visuels, logos, structure) est la propri\u00e9t\u00e9 de M\u00e9cano Industrie, sauf indication contraire.<\/p><p data-start=\"3010\" data-end=\"3076\">Toute reproduction ou utilisation sans autorisation est interdite.<\/p><hr data-start=\"3078\" data-end=\"3081\" \/><h4 data-section-id=\"10nelrl\" data-start=\"3083\" data-end=\"3122\"><span role=\"text\"><strong data-start=\"3086\" data-end=\"3122\">2.5 Limitation de responsabilit\u00e9<\/strong><\/span><\/h4><p data-start=\"3124\" data-end=\"3277\">M\u00e9cano Industrie s\u2019efforce de fournir des informations exactes et \u00e0 jour. Toutefois, aucune garantie n\u2019est donn\u00e9e quant \u00e0 l\u2019exactitude ou l\u2019exhaustivit\u00e9.<\/p><p data-start=\"3279\" data-end=\"3364\">L\u2019entreprise ne peut \u00eatre tenue responsable de dommages li\u00e9s \u00e0 l\u2019utilisation du site.<\/p><hr data-start=\"3366\" data-end=\"3369\" \/><h4 data-section-id=\"1fyd7is\" data-start=\"3371\" data-end=\"3396\"><span role=\"text\"><strong data-start=\"3374\" data-end=\"3396\">2.6 Liens externes<\/strong><\/span><\/h4><p data-start=\"3398\" data-end=\"3510\">Le site peut contenir des liens vers des sites externes. M\u00e9cano Industrie n\u2019est pas responsable de leur contenu.<\/p><hr data-start=\"3512\" data-end=\"3515\" \/><h4 data-section-id=\"cdq4fb\" data-start=\"3517\" data-end=\"3544\"><span role=\"text\"><strong data-start=\"3520\" data-end=\"3544\">2.7 Droit applicable<\/strong><\/span><\/h4><p data-start=\"3546\" data-end=\"3622\">Le site est r\u00e9gi par les lois en vigueur dans la province de Qu\u00e9bec, Canada.<\/p><p><!-- \/wp:paragraph --><\/p>\t\t\t\t\t\t\t\t<\/div>\n\t\t\t\t\t<\/div>\n\t\t\t\t<\/div>\n\t\t\t\t<\/div>","protected":false},"excerpt":{"rendered":"<p>POLITIQUE DE CONFIDENTIALIT\u00c9 ET MENTIONS L\u00c9GALES Derni\u00e8re mise \u00e0 jour : mars 2026 1. Politique de confidentialit\u00e9 1.1 Collecte des renseignements personnels Chez M\u00e9cano Industrie, nous recueillons certains renseignements personnels lorsque vous : remplissez un formulaire de contact communiquez avec nous par courriel ou t\u00e9l\u00e9phone naviguez sur notre site web Les renseignements pouvant \u00eatre collect\u00e9s&#8230;<\/p>","protected":false},"author":1,"featured_media":0,"parent":0,"menu_order":0,"comment_status":"closed","ping_status":"closed","template":"","meta":{"_monsterinsights_skip_tracking":false,"_monsterinsights_sitenote_active":false,"_monsterinsights_sitenote_note":"","_monsterinsights_sitenote_category":0,"footnotes":""},"class_list":["post-3","page","type-page","status-publish","hentry"],"aioseo_notices":[],"_links":{"self":[{"href":"https:\/\/mecanoindustrie.com\/en\/wp-json\/wp\/v2\/pages\/3","targetHints":{"allow":["GET"]}}],"collection":[{"href":"https:\/\/mecanoindustrie.com\/en\/wp-json\/wp\/v2\/pages"}],"about":[{"href":"https:\/\/mecanoindustrie.com\/en\/wp-json\/wp\/v2\/types\/page"}],"author":[{"embeddable":true,"href":"https:\/\/mecanoindustrie.com\/en\/wp-json\/wp\/v2\/users\/1"}],"replies":[{"embeddable":true,"href":"https:\/\/mecanoindustrie.com\/en\/wp-json\/wp\/v2\/comments?post=3"}],"version-history":[{"count":10,"href":"https:\/\/mecanoindustrie.com\/en\/wp-json\/wp\/v2\/pages\/3\/revisions"}],"predecessor-version":[{"id":30694,"href":"https:\/\/mecanoindustrie.com\/en\/wp-json\/wp\/v2\/pages\/3\/revisions\/30694"}],"wp:attachment":[{"href":"https:\/\/mecanoindustrie.com\/en\/wp-json\/wp\/v2\/media?parent=3"}],"curies":[{"name":"wp","href":"https:\/\/api.w.org\/{rel}","templated":true}]}}